{"id":772,"date":"2019-08-14T21:49:42","date_gmt":"2019-08-15T02:49:42","guid":{"rendered":"http:\/\/asecup.org\/?page_id=772"},"modified":"2019-08-14T21:49:46","modified_gmt":"2019-08-15T02:49:46","slug":"dra-nancy-lino-gutierrez","status":"publish","type":"page","link":"http:\/\/asecup.org\/en\/dra-nancy-lino-gutierrez\/","title":{"rendered":"Dra. Nancy Lino Guti\u00e9rrez"},"content":{"rendered":"<div class=\"wp-block-image ticss-47983400\"><figure class=\"aligncenter is-resized\"><img data-recalc-dims=\"1\" loading=\"lazy\" decoding=\"async\" src=\"https:\/\/i0.wp.com\/asecup.org\/wp-content\/uploads\/2019\/08\/IMG-20190801-WA0024.jpg?resize=400%2C400\" alt=\"Dra. Nancy Lino Guti\u00e9rrez\" class=\"wp-image-809\" width=\"400\" height=\"400\" srcset=\"https:\/\/i0.wp.com\/asecup.org\/wp-content\/uploads\/2019\/08\/IMG-20190801-WA0024.jpg?w=400 400w, https:\/\/i0.wp.com\/asecup.org\/wp-content\/uploads\/2019\/08\/IMG-20190801-WA0024.jpg?resize=150%2C150 150w, https:\/\/i0.wp.com\/asecup.org\/wp-content\/uploads\/2019\/08\/IMG-20190801-WA0024.jpg?resize=300%2C300 300w, https:\/\/i0.wp.com\/asecup.org\/wp-content\/uploads\/2019\/08\/IMG-20190801-WA0024.jpg?resize=65%2C65 65w\" sizes=\"auto, (max-width: 400px) 100vw, 400px\" \/><figcaption>Dra. Nancy Lino Guti\u00e9rrez<\/figcaption><\/figure><\/div>\n\n\n\n<p style=\"text-align:justify\">Graduada de m\u00e9dico en los a\u00f1os 80, ejerciendo como especialista en  anestesiolog\u00eda en el Instituto Oncol\u00f3gico \u201cDr. Juan Tanca Marengo, ante  la necesidad de aliviar el dolor de los pacientes sometidos a  procedimientos y cirug\u00edas oncol\u00f3gicas, y observar que no solo el dolor  f\u00edsico generaba sufrimiento, comenz\u00f3 su inter\u00e9s por el manejo del dolor  total, con la ardua tarea de romper los mitos y barreras en relaci\u00f3n al  uso de opioides, motivando a los directivos de la instituci\u00f3n de la  importancia de disponer de dichos medicamentos, logrando por los a\u00f1os 90  formar un servicio de cuidados paliativos iniciando como equipo con una  enfermera y una psic\u00f3loga.  <\/p>\n\n\n\n<p style=\"text-align:justify\">Particip\u00f3 en la primera reuni\u00f3n iberoamericana sobre cuidados paliativos en Panam\u00e1, 1997. Tambi\u00e9n en el Observatorio del programa visita domiciliaria, realizando una rotaci\u00f3n en el Hospital Erasto Gaertner.<\/p>\n\n\n\n<p style=\"text-align:justify\" class=\"ticss-fcdccbab\">La Dra. Lino es Pionera en la visi\u00f3n y formaci\u00f3n de los cuidados paliativos en el Ecuador abriendo camino en este campo y propiciando el inter\u00e9s en las nuevas generaciones m\u00e9dicos, permitiendo esto un mejor abordaje del paciente con enfermedad cronica, oncol\u00f3gica avanzada y terminal.<\/p>\n\n\n\n<p style=\"text-align:justify\">La Dra. Lino es un referente en los diferentes avances culturales y gubernamentales para realizaci\u00f3n de normativas y Gu\u00edas sobre los cuidados paliativos en el Ecuador.&nbsp;&nbsp;<\/p>\n\n\n\n<p style=\"text-align:justify\">Catedr\u00e1tica de diferentes universidades y disciplinas medicas del pa\u00eds donde se imparten charlas de cuidados paliativos.<\/p>\n\n\n\n<p style=\"text-align:justify\">Autora del libro \u201cABC del manejo del dolor y otros s\u00edntomas paliativos\u201d.<\/p>\n\n\n\n<p style=\"text-align:justify\">Presidenta de la sociedad ecuatoriana de dolor a nivel nacional realizando un congreso sobre el alivio del dolor y cuidados paliativos.<\/p>\n\n\n\n<p style=\"text-align:justify\">Coordinadora del Primer postgrado de cuidados paliativos del Ecuador aprobado por el Consejo Educaci\u00f3n Superior -CES &nbsp; que procede al llamado a concurso septiembre 2018.<\/p>\n\n\n\n<hr class=\"wp-block-separator is-style-default\"\/>","protected":false},"excerpt":{"rendered":"<p>Graduada de m\u00e9dico en los a\u00f1os 80, ejerciendo como especialista en anestesiolog\u00eda en el Instituto Oncol\u00f3gico \u201cDr. Juan Tanca Marengo, ante la necesidad de aliviar el dolor de los pacientes sometidos a procedimientos y cirug\u00edas oncol\u00f3gicas, y observar que no solo el dolor f\u00edsico generaba sufrimiento, comenz\u00f3 su inter\u00e9s por [&hellip;]<\/p>\n","protected":false},"author":2,"featured_media":0,"parent":0,"menu_order":0,"comment_status":"closed","ping_status":"closed","template":"","meta":{"nf_dc_page":"","advgb_blocks_editor_width":"","advgb_blocks_columns_visual_guide":"","_monsterinsights_skip_tracking":false,"_monsterinsights_sitenote_active":false,"_monsterinsights_sitenote_note":"","_monsterinsights_sitenote_category":0,"_themeisle_gutenberg_block_has_review":false,"footnotes":""},"class_list":["post-772","page","type-page","status-publish","hentry"],"coauthors":[],"author_meta":{"author_link":"http:\/\/asecup.org\/en\/author\/asecupweb\/","display_name":"Asociaci\u00f3n Ecuatoriana de Cuidados Paliativos"},"relative_dates":{"created":"Posted 7 years ago","modified":"Updated 7 years ago"},"absolute_dates":{"created":"Posted on August 14, 2019","modified":"Updated on August 14, 2019"},"absolute_dates_time":{"created":"Posted on August 14, 2019 9:49 pm","modified":"Updated on August 14, 2019 9:49 pm"},"featured_img_caption":"","featured_img":false,"series_order":"","jetpack_sharing_enabled":true,"jetpack_shortlink":"https:\/\/wp.me\/Pb5Isw-cs","_links":{"self":[{"href":"http:\/\/asecup.org\/en\/wp-json\/wp\/v2\/pages\/772","targetHints":{"allow":["GET"]}}],"collection":[{"href":"http:\/\/asecup.org\/en\/wp-json\/wp\/v2\/pages"}],"about":[{"href":"http:\/\/asecup.org\/en\/wp-json\/wp\/v2\/types\/page"}],"author":[{"embeddable":true,"href":"http:\/\/asecup.org\/en\/wp-json\/wp\/v2\/users\/2"}],"replies":[{"embeddable":true,"href":"http:\/\/asecup.org\/en\/wp-json\/wp\/v2\/comments?post=772"}],"version-history":[{"count":21,"href":"http:\/\/asecup.org\/en\/wp-json\/wp\/v2\/pages\/772\/revisions"}],"predecessor-version":[{"id":820,"href":"http:\/\/asecup.org\/en\/wp-json\/wp\/v2\/pages\/772\/revisions\/820"}],"wp:attachment":[{"href":"http:\/\/asecup.org\/en\/wp-json\/wp\/v2\/media?parent=772"}],"curies":[{"name":"wp","href":"https:\/\/api.w.org\/{rel}","templated":true}]}}