{"id":829,"date":"2019-08-14T22:57:42","date_gmt":"2019-08-15T03:57:42","guid":{"rendered":"http:\/\/asecup.org\/?page_id=829"},"modified":"2019-08-15T00:03:45","modified_gmt":"2019-08-15T05:03:45","slug":"padre-alberto","status":"publish","type":"page","link":"http:\/\/asecup.org\/en\/padre-alberto\/","title":{"rendered":"Padre Alberto Redaelli"},"content":{"rendered":"<div class=\"wp-block-image ticss-a25ce0e9\"><figure class=\"aligncenter\"><img data-recalc-dims=\"1\" loading=\"lazy\" decoding=\"async\" width=\"400\" height=\"400\" src=\"https:\/\/i0.wp.com\/asecup.org\/wp-content\/uploads\/2019\/08\/Padre-Alberto-Redaelli.jpg?resize=400%2C400\" alt=\"Padre Alberto Redaelli\" class=\"wp-image-813\" srcset=\"https:\/\/i0.wp.com\/asecup.org\/wp-content\/uploads\/2019\/08\/Padre-Alberto-Redaelli.jpg?w=400 400w, https:\/\/i0.wp.com\/asecup.org\/wp-content\/uploads\/2019\/08\/Padre-Alberto-Redaelli.jpg?resize=150%2C150 150w, https:\/\/i0.wp.com\/asecup.org\/wp-content\/uploads\/2019\/08\/Padre-Alberto-Redaelli.jpg?resize=300%2C300 300w, https:\/\/i0.wp.com\/asecup.org\/wp-content\/uploads\/2019\/08\/Padre-Alberto-Redaelli.jpg?resize=65%2C65 65w\" sizes=\"auto, (max-width: 400px) 100vw, 400px\" \/><figcaption>Padre Alberto Redaelli<\/figcaption><\/figure><\/div>\n\n\n\n<p style=\"text-align:justify\">Naci\u00f3 en Milano, Italia en 1954, y lleg\u00f3 al Ecuador en 1995. Es un Religioso Camiliano de la Orden  \u201cMinistros de los Enfermos\u201d. Licenciado y Magister en Teolog\u00eda de Pastoral de la Salud, y realiz\u00f3 el Posgrado de Cuidados Paliativos en Barcelona. Desempe\u00f1\u00f3 el cargo de Director Administrativo del ABEI, donde dio el primer impulso a los Cuidados Paliativos en Ecuador.  <\/p>\n\n\n\n<p style=\"text-align:justify\">El 16 de Octubre 1997, convencido de la necesidad de personas con enfermedades avanzadas, conform\u00f3 la Fundaci\u00f3n Ecuatoriana de Cuidados Paliativos FECUPAL.<\/p>\n\n\n\n<p style=\"text-align:justify\">Inici\u00f3 su labor visitando pacientes a domicilio con un equipo interdisciplinario bajo su liderazgo en Quito, m\u00e1s tarde se ampli\u00f3 hacia los alrededores.<\/p>\n\n\n\n<p style=\"text-align:justify\">En el 2000 crea el Centro M\u00e9dico San Camilo que ser\u00eda el referente de los Cuidados Paliativos, y otras especialidades. En el a\u00f1o 2002, se ampli\u00f3 el Centro transformarlo en cl\u00ednica con quir\u00f3fano para cirug\u00edas programadas.<\/p>\n\n\n\n<p style=\"text-align:justify\">Su pasi\u00f3n por los Cuidados Paliativos, plasm\u00f3 en la  creaci\u00f3n de un lugar \u00fanico para acoger a pacientes y familiares, busc\u00f3 ayuda nacional e internacional,  y luego de 8 a\u00f1os de construcci\u00f3n dio vida al HOSPICE SAN CAMILO, mayo  2014. <\/p>\n\n\n\n<p style=\"text-align:justify\">El Hospice San Camilo es centro especializado, de tercer nivel, calificaci\u00f3n del Ministerio de Salud P\u00fablica; sus caracter\u00edsticas f\u00edsicas  hacen del Hospice \u00fanico en Latinoam\u00e9rica actualmente.<\/p>\n\n\n\n<p style=\"text-align:justify\">El padre Alberto ha difundido y formado personal sanitario y voluntariado en temas de cuidados paliativos, acompa\u00f1amiento, relaci\u00f3n de ayuda, bio\u00e9tica y manejo del duelo; autor y coautor de libros y art\u00edculos en estos temas; gestor de actividades acad\u00e9micas a nivel nacional e internacional, como: congresos, jornadas, talleres, cursos, programas de educaci\u00f3n continua, en temas inmersos en cuidados paliativos. <\/p>\n\n\n\n<hr class=\"wp-block-separator\"\/>","protected":false},"excerpt":{"rendered":"<p>Naci\u00f3 en Milano, Italia en 1954, y lleg\u00f3 al Ecuador en 1995. Es un Religioso Camiliano de la Orden \u201cMinistros de los Enfermos\u201d. Licenciado y Magister en Teolog\u00eda de Pastoral de la Salud, y realiz\u00f3 el Posgrado de Cuidados Paliativos en Barcelona. Desempe\u00f1\u00f3 el cargo de Director Administrativo del ABEI, [&hellip;]<\/p>\n","protected":false},"author":2,"featured_media":0,"parent":0,"menu_order":0,"comment_status":"closed","ping_status":"closed","template":"","meta":{"nf_dc_page":"","advgb_blocks_editor_width":"","advgb_blocks_columns_visual_guide":"","_monsterinsights_skip_tracking":false,"_monsterinsights_sitenote_active":false,"_monsterinsights_sitenote_note":"","_monsterinsights_sitenote_category":0,"_themeisle_gutenberg_block_has_review":false,"footnotes":""},"class_list":["post-829","page","type-page","status-publish","hentry"],"coauthors":[],"author_meta":{"author_link":"http:\/\/asecup.org\/en\/author\/asecupweb\/","display_name":"Asociaci\u00f3n Ecuatoriana de Cuidados Paliativos"},"relative_dates":{"created":"Posted 7 years ago","modified":"Updated 7 years ago"},"absolute_dates":{"created":"Posted on August 14, 2019","modified":"Updated on August 15, 2019"},"absolute_dates_time":{"created":"Posted on August 14, 2019 10:57 pm","modified":"Updated on August 15, 2019 12:03 am"},"featured_img_caption":"","featured_img":false,"series_order":"","jetpack_sharing_enabled":true,"jetpack_shortlink":"https:\/\/wp.me\/Pb5Isw-dn","_links":{"self":[{"href":"http:\/\/asecup.org\/en\/wp-json\/wp\/v2\/pages\/829","targetHints":{"allow":["GET"]}}],"collection":[{"href":"http:\/\/asecup.org\/en\/wp-json\/wp\/v2\/pages"}],"about":[{"href":"http:\/\/asecup.org\/en\/wp-json\/wp\/v2\/types\/page"}],"author":[{"embeddable":true,"href":"http:\/\/asecup.org\/en\/wp-json\/wp\/v2\/users\/2"}],"replies":[{"embeddable":true,"href":"http:\/\/asecup.org\/en\/wp-json\/wp\/v2\/comments?post=829"}],"version-history":[{"count":3,"href":"http:\/\/asecup.org\/en\/wp-json\/wp\/v2\/pages\/829\/revisions"}],"predecessor-version":[{"id":836,"href":"http:\/\/asecup.org\/en\/wp-json\/wp\/v2\/pages\/829\/revisions\/836"}],"wp:attachment":[{"href":"http:\/\/asecup.org\/en\/wp-json\/wp\/v2\/media?parent=829"}],"curies":[{"name":"wp","href":"https:\/\/api.w.org\/{rel}","templated":true}]}}