{"id":301,"date":"2019-07-02T00:18:53","date_gmt":"2019-07-02T00:18:53","guid":{"rendered":"http:\/\/asecup.org\/?page_id=301"},"modified":"2021-09-09T20:48:46","modified_gmt":"2021-09-10T01:48:46","slug":"miembros","status":"publish","type":"page","link":"https:\/\/asecup.org\/en\/miembros\/","title":{"rendered":"Miembros"},"content":{"rendered":"<p class=\"has-text-align-justify\">\n\nLos miembros de ASECUP son personas quienes han mostrado su inter\u00e9s de colaborar en todas las labores que desarrollamos, han demostrado experiencia profesional y compromiso personal con los cuidados paliativos, y se han adherido sin restricci\u00f3n a los objetivos de la Asociaci\u00f3n.&nbsp;\n\n<\/p>\n\n\n\n<h3 class=\"has-text-align-center wp-block-heading\">Directiva Nacional 2021-2024<\/h3>\n\n\n\n<table class=\"wp-block-advgb-table advgb-table-frontend ticss-3e92da89 is-style-stripes\"><tbody><tr><td style=\"text-align:center\">Presidente<\/td><td style=\"text-align:center\">Viviana Araujo Lugo<\/td><td style=\"text-align:center\"><img data-recalc-dims=\"1\" loading=\"lazy\" decoding=\"async\" width=\"100\" height=\"100\" class=\"wp-image-1026\" style=\"width: 100px;\" src=\"https:\/\/i0.wp.com\/asecup.org\/wp-content\/uploads\/2021\/09\/viviana_araujo_sq.jpg?resize=100%2C100\" alt=\"Viviana Araujo\" srcset=\"https:\/\/i0.wp.com\/asecup.org\/wp-content\/uploads\/2021\/09\/viviana_araujo_sq.jpg?w=599&amp;ssl=1 599w, https:\/\/i0.wp.com\/asecup.org\/wp-content\/uploads\/2021\/09\/viviana_araujo_sq.jpg?resize=300%2C300&amp;ssl=1 300w, https:\/\/i0.wp.com\/asecup.org\/wp-content\/uploads\/2021\/09\/viviana_araujo_sq.jpg?resize=150%2C150&amp;ssl=1 150w, https:\/\/i0.wp.com\/asecup.org\/wp-content\/uploads\/2021\/09\/viviana_araujo_sq.jpg?resize=65%2C65&amp;ssl=1 65w\" sizes=\"auto, (max-width: 100px) 100vw, 100px\" \/><\/td><\/tr><tr><td style=\"text-align:center\">Vicepresidente<\/td><td style=\"text-align:center\">Mercedes D\u00edaz Cueva<\/td><td style=\"text-align:center\"><img data-recalc-dims=\"1\" loading=\"lazy\" decoding=\"async\" width=\"100\" height=\"100\" class=\"wp-image-1025\" style=\"width: 100px;\" src=\"https:\/\/i0.wp.com\/asecup.org\/wp-content\/uploads\/2021\/09\/mercedes_diaz_sq.jpg?resize=100%2C100\" alt=\"Merdecez D\u00edaz\" srcset=\"https:\/\/i0.wp.com\/asecup.org\/wp-content\/uploads\/2021\/09\/mercedes_diaz_sq.jpg?w=690&amp;ssl=1 690w, https:\/\/i0.wp.com\/asecup.org\/wp-content\/uploads\/2021\/09\/mercedes_diaz_sq.jpg?resize=300%2C300&amp;ssl=1 300w, https:\/\/i0.wp.com\/asecup.org\/wp-content\/uploads\/2021\/09\/mercedes_diaz_sq.jpg?resize=150%2C150&amp;ssl=1 150w, https:\/\/i0.wp.com\/asecup.org\/wp-content\/uploads\/2021\/09\/mercedes_diaz_sq.jpg?resize=65%2C65&amp;ssl=1 65w\" sizes=\"auto, (max-width: 100px) 100vw, 100px\" \/><\/td><\/tr><tr><td style=\"text-align:center\">Secretaria<\/td><td style=\"text-align:center\">Gabriela Moya J\u00e1come<\/td><td style=\"text-align:center\"><img data-recalc-dims=\"1\" loading=\"lazy\" decoding=\"async\" width=\"100\" height=\"100\" class=\"wp-image-1023\" style=\"width: 100px;\" src=\"https:\/\/i0.wp.com\/asecup.org\/wp-content\/uploads\/2021\/09\/gabriela_moya_sq.jpg?resize=100%2C100\" alt=\"Gabriela Moya\" srcset=\"https:\/\/i0.wp.com\/asecup.org\/wp-content\/uploads\/2021\/09\/gabriela_moya_sq.jpg?w=593&amp;ssl=1 593w, https:\/\/i0.wp.com\/asecup.org\/wp-content\/uploads\/2021\/09\/gabriela_moya_sq.jpg?resize=300%2C300&amp;ssl=1 300w, https:\/\/i0.wp.com\/asecup.org\/wp-content\/uploads\/2021\/09\/gabriela_moya_sq.jpg?resize=150%2C150&amp;ssl=1 150w, https:\/\/i0.wp.com\/asecup.org\/wp-content\/uploads\/2021\/09\/gabriela_moya_sq.jpg?resize=65%2C65&amp;ssl=1 65w\" sizes=\"auto, (max-width: 100px) 100vw, 100px\" \/><\/td><\/tr><tr><td style=\"text-align:center\">Tesorera<\/td><td style=\"text-align:center\">Mar\u00eda Cristina Cervantes V\u00e9lez<\/td><td style=\"text-align:center\"><img data-recalc-dims=\"1\" loading=\"lazy\" decoding=\"async\" width=\"100\" height=\"100\" class=\"wp-image-1024\" style=\"width: 100px;\" src=\"https:\/\/i0.wp.com\/asecup.org\/wp-content\/uploads\/2021\/09\/maria_cervantes_sq.jpg?resize=100%2C100\" alt=\"Mar\u00eda Cristina Cervantes\" srcset=\"https:\/\/i0.wp.com\/asecup.org\/wp-content\/uploads\/2021\/09\/maria_cervantes_sq.jpg?w=233&amp;ssl=1 233w, https:\/\/i0.wp.com\/asecup.org\/wp-content\/uploads\/2021\/09\/maria_cervantes_sq.jpg?resize=150%2C150&amp;ssl=1 150w, https:\/\/i0.wp.com\/asecup.org\/wp-content\/uploads\/2021\/09\/maria_cervantes_sq.jpg?resize=65%2C65&amp;ssl=1 65w\" sizes=\"auto, (max-width: 100px) 100vw, 100px\" \/><\/td><\/tr><\/tbody><\/table>\n\n\n\n<h3 class=\"has-text-align-center wp-block-heading\">Miembros Honorarios<\/h3>\n\n\n\n<table class=\"wp-block-advgb-table advgb-table-frontend is-style-stripes\" style=\"table-layout:fixed\"><tbody><tr><td style=\"text-align:center\"><a href=\"http:\/\/asecup.org\/en\/dra-nancy-lino-gutierrez\/\" target=\"_blank\" rel=\"noreferrer noopener\" aria-label=\" (opens in a new tab)\">Dra. Nancy Lino<\/a><\/td><\/tr><tr><td style=\"text-align:center\"> <a href=\"http:\/\/asecup.org\/en\/padre-alberto\/\" target=\"_blank\" rel=\"noreferrer noopener\" aria-label=\"Padre Alberto Redaelli  (opens in a new tab)\">Padre Alberto Redaelli <\/a><\/td><\/tr><tr><td style=\"text-align:center\"><a href=\"http:\/\/asecup.org\/en\/dra-nicola-bailhache\/\" target=\"_blank\" rel=\"noreferrer noopener\" aria-label=\" (opens in a new tab)\"> Dra. Nichola Bailhache <\/a><\/td><\/tr><\/tbody><\/table>\n\n\n\n<hr class=\"wp-block-separator ticss-8d2e1e39\"\/>\n\n\n\n<div id=\"advgb-tabs-a69fa3e8-8a1c-4c0b-b96e-96fa992bee47\" class=\"wp-block-advgb-tabs advgb-tabs-block\" style=\"border:none\"><ul class=\"advgb-tabs-panel\"><li class=\"advgb-tab\" style=\"background-color:#ffffff;border-style:solid;border-width:1px;border-radius:2px;margin:-1px 0 -1px -1px\"><a href=\"#advgb-tab-a69fa3e8-8a1c-4c0b-b96e-96fa992bee47-0\" style=\"color:#1e73be\"><span>Miembros Fundadores<\/span><\/a><\/li><li class=\"advgb-tab\" style=\"background-color:#ffffff;border-style:solid;border-width:1px;border-radius:2px;margin:-1px 0 -1px -1px\"><a href=\"#advgb-tab-a69fa3e8-8a1c-4c0b-b96e-96fa992bee47-1\" style=\"color:#1e73be\"><span>Miembros Activos<\/span><\/a><\/li><\/ul><div id=\"advgb-tab-a69fa3e8-8a1c-4c0b-b96e-96fa992bee47-0\" class=\"advgb-tab-body\" style=\"border-style:solid;border-width:1px;border-radius:2px\"><div id=\"tablepress-1-scroll-wrapper\" class=\"tablepress-scroll-wrapper\">\n\n<table id=\"tablepress-1\" class=\"tablepress tablepress-id-1 tablepress-responsive\">\n<thead>\n<tr class=\"row-1\">\n\t<th class=\"column-1\">Nombres<\/th><th class=\"column-2\">Apellidos<\/th><th class=\"column-3\">Profesi\u00f3n<\/th>\n<\/tr>\n<\/thead>\n<tbody class=\"row-striping row-hover\">\n<tr class=\"row-2\">\n\t<td class=\"column-1\">Germania de las Mercedes<\/td><td class=\"column-2\">Andrade Dur\u00e1n<\/td><td class=\"column-3\">M\u00e9dico Pediatra<\/td>\n<\/tr>\n<tr class=\"row-3\">\n\t<td class=\"column-1\">Mar\u00eda Cristina<\/td><td class=\"column-2\">Araujo Mu\u00f1oz<\/td><td class=\"column-3\">Psic\u00f3loga<\/td>\n<\/tr>\n<tr class=\"row-4\">\n\t<td class=\"column-1\">Lilia Yazm\u00edn<\/td><td class=\"column-2\">Barrera Bola\u00f1os<\/td><td class=\"column-3\">M\u00e9dico Familiar<\/td>\n<\/tr>\n<tr class=\"row-5\">\n\t<td class=\"column-1\">Roberto Carlos<\/td><td class=\"column-2\">Bermeo Herrera<\/td><td class=\"column-3\">M\u00e9dico<\/td>\n<\/tr>\n<tr class=\"row-6\">\n\t<td class=\"column-1\">Fidel Armando<\/td><td class=\"column-2\">Camino Proa\u00f1o<\/td><td class=\"column-3\">M\u00e9dico Psiquiatra<\/td>\n<\/tr>\n<tr class=\"row-7\">\n\t<td class=\"column-1\">Mar\u00eda Cristina<\/td><td class=\"column-2\">Cervantes V\u00e9lez<\/td><td class=\"column-3\">M\u00e9dico Internista<\/td>\n<\/tr>\n<tr class=\"row-8\">\n\t<td class=\"column-1\">Sandra Elizabeth<\/td><td class=\"column-2\">Cevallos Argoti<\/td><td class=\"column-3\">M\u00e9dico Anestesi\u00f3loga<\/td>\n<\/tr>\n<tr class=\"row-9\">\n\t<td class=\"column-1\">Mar\u00eda Ximena de los \u00c1ngeles<\/td><td class=\"column-2\">Cevallos Salas<\/td><td class=\"column-3\">Obstetriz<\/td>\n<\/tr>\n<tr class=\"row-10\">\n\t<td class=\"column-1\">Mercedes del Pilar<\/td><td class=\"column-2\">D\u00edaz Cueva<\/td><td class=\"column-3\">M\u00e9dico Internista<\/td>\n<\/tr>\n<tr class=\"row-11\">\n\t<td class=\"column-1\">Mar\u00eda Teresa<\/td><td class=\"column-2\">Espejo C\u00e1rdenas<\/td><td class=\"column-3\">M\u00e9dico Onc\u00f3loga<\/td>\n<\/tr>\n<tr class=\"row-12\">\n\t<td class=\"column-1\">Alexandra Tatiana<\/td><td class=\"column-2\">Fern\u00e1ndez D\u00e1vila<\/td><td class=\"column-3\">M\u00e9dico Internista<\/td>\n<\/tr>\n<tr class=\"row-13\">\n\t<td class=\"column-1\">Digna Marinka<\/td><td class=\"column-2\">Gallo Mac\u00edas<\/td><td class=\"column-3\">M\u00e9dico<\/td>\n<\/tr>\n<tr class=\"row-14\">\n\t<td class=\"column-1\">Ver\u00f3nica Elizabeth<\/td><td class=\"column-2\">Garc\u00eda Moreno<\/td><td class=\"column-3\">Trabajadora Social<\/td>\n<\/tr>\n<tr class=\"row-15\">\n\t<td class=\"column-1\">Patricia<\/td><td class=\"column-2\">Gonz\u00e1lez Z\u00fa\u00f1iga<\/td><td class=\"column-3\">M\u00e9dico Anestesi\u00f3loga<\/td>\n<\/tr>\n<tr class=\"row-16\">\n\t<td class=\"column-1\">Michelle Amanda<\/td><td class=\"column-2\">Grunauer Andrade<\/td><td class=\"column-3\">M\u00e9dico Pediatra<\/td>\n<\/tr>\n<tr class=\"row-17\">\n\t<td class=\"column-1\">Paula Alejandra<\/td><td class=\"column-2\">Hidalgo Andrade<\/td><td class=\"column-3\">Psic\u00f3loga<\/td>\n<\/tr>\n<tr class=\"row-18\">\n\t<td class=\"column-1\">Manuel Patricio<\/td><td class=\"column-2\">Hidalgo Dillon<\/td><td class=\"column-3\">M\u00e9dico Hemat\u00f3logo<\/td>\n<\/tr>\n<tr class=\"row-19\">\n\t<td class=\"column-1\">Patricia Amanda<\/td><td class=\"column-2\">Hoyos Paladines<\/td><td class=\"column-3\">Enfermera<\/td>\n<\/tr>\n<tr class=\"row-20\">\n\t<td class=\"column-1\">Luc\u00eda de Lourdes<\/td><td class=\"column-2\">Maldonado Cabezas<\/td><td class=\"column-3\">Enfermera<\/td>\n<\/tr>\n<tr class=\"row-21\">\n\t<td class=\"column-1\">Antonina<\/td><td class=\"column-2\">Moro Rojo<\/td><td class=\"column-3\">Enfermera<\/td>\n<\/tr>\n<tr class=\"row-22\">\n\t<td class=\"column-1\">Elena Elizabeth<\/td><td class=\"column-2\">O\u00f1a Almachi<\/td><td class=\"column-3\">M\u00e9dico Salubrista<\/td>\n<\/tr>\n<tr class=\"row-23\">\n\t<td class=\"column-1\">Raydel L\u00e1zaro<\/td><td class=\"column-2\">Per\u00f3n Torres<\/td><td class=\"column-3\">M\u00e9dico Internista<\/td>\n<\/tr>\n<tr class=\"row-24\">\n\t<td class=\"column-1\">Elsa Ximena<\/td><td class=\"column-2\">Pozo Pillaga<\/td><td class=\"column-3\">M\u00e9dico Familiar<\/td>\n<\/tr>\n<tr class=\"row-25\">\n\t<td class=\"column-1\">Diana Lorena<\/td><td class=\"column-2\">Proa\u00f1o Alcivar<\/td><td class=\"column-3\">Psic\u00f3loga<\/td>\n<\/tr>\n<tr class=\"row-26\">\n\t<td class=\"column-1\">Alberto Vittorio<\/td><td class=\"column-2\">Redaelli<\/td><td class=\"column-3\">Sacerdote<\/td>\n<\/tr>\n<tr class=\"row-27\">\n\t<td class=\"column-1\">Sandra Ver\u00f3nica<\/td><td class=\"column-2\">Rodr\u00edguez Soledispa<\/td><td class=\"column-3\">M\u00e9dico Internista<\/td>\n<\/tr>\n<tr class=\"row-28\">\n\t<td class=\"column-1\">Nelly Eduvigues<\/td><td class=\"column-2\">Romo Medina<\/td><td class=\"column-3\">Odont\u00f3loga<\/td>\n<\/tr>\n<tr class=\"row-29\">\n\t<td class=\"column-1\">Myrman Janneth<\/td><td class=\"column-2\">Ru\u00edz Ter\u00e1n<\/td><td class=\"column-3\">Trabajadora Social<\/td>\n<\/tr>\n<tr class=\"row-30\">\n\t<td class=\"column-1\">Jonathan David<\/td><td class=\"column-2\">Salm\u00f3n Pico<\/td><td class=\"column-3\">M\u00e9dico<\/td>\n<\/tr>\n<tr class=\"row-31\">\n\t<td class=\"column-1\">Carlos Gustavo<\/td><td class=\"column-2\">Sotomayor Mosquera<\/td><td class=\"column-3\">Ingeniero qu\u00edmico<\/td>\n<\/tr>\n<tr class=\"row-32\">\n\t<td class=\"column-1\">Mar\u00eda Rosa<\/td><td class=\"column-2\">V\u00e9lez Burneo<\/td><td class=\"column-3\">M\u00e9dico Familiar<\/td>\n<\/tr>\n<tr class=\"row-33\">\n\t<td class=\"column-1\">Carmen Yolanda de las Mercedes<\/td><td class=\"column-2\">Villa Rosero<\/td><td class=\"column-3\">M\u00e9dico Anestesi\u00f3loga<\/td>\n<\/tr>\n<tr class=\"row-34\">\n\t<td class=\"column-1\">\u00c1ngela Mar\u00eda<\/td><td class=\"column-2\">Viteri Guerrero<\/td><td class=\"column-3\">M\u00e9dico<\/td>\n<\/tr>\n<\/tbody>\n<\/table>\n\n<\/div><!-- #tablepress-1 from cache --><\/div><div id=\"advgb-tab-a69fa3e8-8a1c-4c0b-b96e-96fa992bee47-1\" class=\"advgb-tab-body\" style=\"border-style:solid;border-width:1px;border-radius:2px\"><div id=\"tablepress-3-scroll-wrapper\" class=\"tablepress-scroll-wrapper\">\n\n<table id=\"tablepress-3\" class=\"tablepress tablepress-id-3 tablepress-responsive\">\n<thead>\n<tr class=\"row-1\">\n\t<th class=\"column-1\">Nombres<\/th><th class=\"column-2\">Apellidos<\/th><th class=\"column-3\">Profesi\u00f3n<\/th>\n<\/tr>\n<\/thead>\n<tbody class=\"row-striping row-hover\">\n<tr class=\"row-2\">\n\t<td class=\"column-1\">J\u00e9ssica Fernanda<\/td><td class=\"column-2\">Alvarado Yumisaca<\/td><td class=\"column-3\">M\u00e9dico Familiar<\/td>\n<\/tr>\n<tr class=\"row-3\">\n\t<td class=\"column-1\">J\u00e9ssica Fernanda<\/td><td class=\"column-2\">Alvarado Yumisaca<\/td><td class=\"column-3\">M\u00e9dica<\/td>\n<\/tr>\n<tr class=\"row-4\">\n\t<td class=\"column-1\">Martha Viviana<\/td><td class=\"column-2\">Araujo Lugo<\/td><td class=\"column-3\">M\u00e9dico Familiar<\/td>\n<\/tr>\n<tr class=\"row-5\">\n\t<td class=\"column-1\">Ruth Elizabeth<\/td><td class=\"column-2\">Araujo Quijano<\/td><td class=\"column-3\">Voluntaria<\/td>\n<\/tr>\n<tr class=\"row-6\">\n\t<td class=\"column-1\">Am\u00e9rico Jord\u00e1n<\/td><td class=\"column-2\">Arboleda Peralta<\/td><td class=\"column-3\">M\u00e9dico Intensivista<\/td>\n<\/tr>\n<tr class=\"row-7\">\n\t<td class=\"column-1\">Linda<\/td><td class=\"column-2\">Arturo Delgado<\/td><td class=\"column-3\">M\u00e9dico Pediatra<\/td>\n<\/tr>\n<tr class=\"row-8\">\n\t<td class=\"column-1\">Linda<\/td><td class=\"column-2\">Arturo delgado<\/td><td class=\"column-3\">Pediatra<\/td>\n<\/tr>\n<tr class=\"row-9\">\n\t<td class=\"column-1\">Silvia Tatiana<\/td><td class=\"column-2\">Bermeo Chango<\/td><td class=\"column-3\">M\u00e9dico<\/td>\n<\/tr>\n<tr class=\"row-10\">\n\t<td class=\"column-1\">Patricia<\/td><td class=\"column-2\">Bonilla Sierra<\/td><td class=\"column-3\">M\u00e9dico Anestesi\u00f3loga<\/td>\n<\/tr>\n<tr class=\"row-11\">\n\t<td class=\"column-1\">Juan Pablo<\/td><td class=\"column-2\">Bueno Le\u00f3n<\/td><td class=\"column-3\">Psico Onc\u00f3logo<\/td>\n<\/tr>\n<tr class=\"row-12\">\n\t<td class=\"column-1\">Jos\u00e9 Miguel <\/td><td class=\"column-2\">Calero Carre\u00f1o<\/td><td class=\"column-3\">Onc\u00f3logo<\/td>\n<\/tr>\n<tr class=\"row-13\">\n\t<td class=\"column-1\">Carmen del Roc\u00edo<\/td><td class=\"column-2\">Carrasco Mero<\/td><td class=\"column-3\">M\u00e9dica<\/td>\n<\/tr>\n<tr class=\"row-14\">\n\t<td class=\"column-1\">Paola Lisette<\/td><td class=\"column-2\">Cuesta Mero<\/td><td class=\"column-3\">M\u00e9dico Internista<\/td>\n<\/tr>\n<tr class=\"row-15\">\n\t<td class=\"column-1\">Luzia Guadalupe<\/td><td class=\"column-2\">Da Silva<\/td><td class=\"column-3\">Hermana Religiosa<\/td>\n<\/tr>\n<tr class=\"row-16\">\n\t<td class=\"column-1\">Viviana del Carmen<\/td><td class=\"column-2\">D\u00e1valos Batallas<\/td><td class=\"column-3\">M\u00e9dico Anestesi\u00f3loga<\/td>\n<\/tr>\n<tr class=\"row-17\">\n\t<td class=\"column-1\">Ana Luc\u00eda<\/td><td class=\"column-2\">Figueroa Rosero<\/td><td class=\"column-3\">M\u00e9dico Familiar<\/td>\n<\/tr>\n<tr class=\"row-18\">\n\t<td class=\"column-1\">Karla Mariela\u00a0<\/td><td class=\"column-2\">Gangotena Costales<\/td><td class=\"column-3\">Psic\u00f3loga<\/td>\n<\/tr>\n<tr class=\"row-19\">\n\t<td class=\"column-1\">Lorena del Pilar<\/td><td class=\"column-2\">Guti\u00e9rrez Romero<\/td><td class=\"column-3\">M\u00e9dico Onc\u00f3loga<\/td>\n<\/tr>\n<tr class=\"row-20\">\n\t<td class=\"column-1\">Mar\u00eda de Lourdes\u00a0<\/td><td class=\"column-2\">Intriago Vera<\/td><td class=\"column-3\">Psic\u00f3loga<\/td>\n<\/tr>\n<tr class=\"row-21\">\n\t<td class=\"column-1\">Kathy Victoria<\/td><td class=\"column-2\">Jap\u00f3n Toledo<\/td><td class=\"column-3\">M\u00e9dico Internista<\/td>\n<\/tr>\n<tr class=\"row-22\">\n\t<td class=\"column-1\">Kathy Victoria<\/td><td class=\"column-2\">Jap\u00f3n Toledo<\/td><td class=\"column-3\">M\u00e9dico Internista<\/td>\n<\/tr>\n<tr class=\"row-23\">\n\t<td class=\"column-1\">Diego Fernando<\/td><td class=\"column-2\">Jimbo Jimbo<\/td><td class=\"column-3\">M\u00e9dico<\/td>\n<\/tr>\n<tr class=\"row-24\">\n\t<td class=\"column-1\">Katty D\u00e9bora<\/td><td class=\"column-2\">Lozano Montesdeoca<\/td><td class=\"column-3\">M\u00e9dico Familiar<\/td>\n<\/tr>\n<tr class=\"row-25\">\n\t<td class=\"column-1\">Cristhian Geovanny<\/td><td class=\"column-2\">Mar\u00edn Tello<\/td><td class=\"column-3\">M\u00e9dico<\/td>\n<\/tr>\n<tr class=\"row-26\">\n\t<td class=\"column-1\">Cristhian Geovanny<\/td><td class=\"column-2\">Mar\u00edn Tello<\/td><td class=\"column-3\">M\u00e9dico<\/td>\n<\/tr>\n<tr class=\"row-27\">\n\t<td class=\"column-1\">Marjorie Margarita<\/td><td class=\"column-2\">Mej\u00eda Macias<\/td><td class=\"column-3\">M\u00e9dico Salubrista<\/td>\n<\/tr>\n<tr class=\"row-28\">\n\t<td class=\"column-1\">Diego Alexander<\/td><td class=\"column-2\">Mendoza Panta<\/td><td class=\"column-3\">M\u00e9dico Geriatra<\/td>\n<\/tr>\n<tr class=\"row-29\">\n\t<td class=\"column-1\">Carla Elizabeth<\/td><td class=\"column-2\">Mera Pacheco<\/td><td class=\"column-3\">M\u00e9dico<\/td>\n<\/tr>\n<tr class=\"row-30\">\n\t<td class=\"column-1\">Estefan\u00eda Alexandra <\/td><td class=\"column-2\">Monsalve Albornoz<\/td><td class=\"column-3\">Psic\u00f3loga Cl\u00ednica<\/td>\n<\/tr>\n<tr class=\"row-31\">\n\t<td class=\"column-1\">Mar\u00eda Evangelina<\/td><td class=\"column-2\">Montero Oleas<\/td><td class=\"column-3\">M\u00e9dico Paliativista<\/td>\n<\/tr>\n<tr class=\"row-32\">\n\t<td class=\"column-1\">Mariano Fabricio<\/td><td class=\"column-2\">Morales Baidal<\/td><td class=\"column-3\">M\u00e9dico Internista<\/td>\n<\/tr>\n<tr class=\"row-33\">\n\t<td class=\"column-1\">Gabriela del C\u00e1rmen<\/td><td class=\"column-2\">Moya J\u00e1come<\/td><td class=\"column-3\">M\u00e9dico<\/td>\n<\/tr>\n<tr class=\"row-34\">\n\t<td class=\"column-1\">Mar\u00eda Paz<\/td><td class=\"column-2\">Obando Borja<\/td><td class=\"column-3\">Psico Onc\u00f3loga<\/td>\n<\/tr>\n<tr class=\"row-35\">\n\t<td class=\"column-1\">Lida Mar\u00eda<\/td><td class=\"column-2\">Ord\u00f3\u00f1ez Abrigo<\/td><td class=\"column-3\">M\u00e9dico Familiar<\/td>\n<\/tr>\n<tr class=\"row-36\">\n\t<td class=\"column-1\">Pedro Xavier<\/td><td class=\"column-2\">Pacheco Bacuilima<\/td><td class=\"column-3\">M\u00e9dico Familiar<\/td>\n<\/tr>\n<tr class=\"row-37\">\n\t<td class=\"column-1\">Yamilet Marveya<\/td><td class=\"column-2\">P\u00e9rez de P\u00e9rez<\/td><td class=\"column-3\">M\u00e9dico Anestesi\u00f3loga<\/td>\n<\/tr>\n<tr class=\"row-38\">\n\t<td class=\"column-1\">Silvia Patricia<\/td><td class=\"column-2\">Pineda Hoyos<\/td><td class=\"column-3\">M\u00e9dico Onc\u00f3loga<\/td>\n<\/tr>\n<tr class=\"row-39\">\n\t<td class=\"column-1\">Sof\u00eda Gabriela<\/td><td class=\"column-2\">Plonski Egas<\/td><td class=\"column-3\">Doula de fin de vida<\/td>\n<\/tr>\n<tr class=\"row-40\">\n\t<td class=\"column-1\">Sof\u00eda Gabriela<\/td><td class=\"column-2\">Plonski Egas<\/td><td class=\"column-3\">Doula de Fin de Vida<\/td>\n<\/tr>\n<tr class=\"row-41\">\n\t<td class=\"column-1\">Byron Amable<\/td><td class=\"column-2\">Quinche Farinango <\/td><td class=\"column-3\">M\u00e9dico Familiar<\/td>\n<\/tr>\n<tr class=\"row-42\">\n\t<td class=\"column-1\">Tatiana Paola<\/td><td class=\"column-2\">Sabando Carre\u00f1o<\/td><td class=\"column-3\">M\u00e9dico Onc\u00f3loga<\/td>\n<\/tr>\n<tr class=\"row-43\">\n\t<td class=\"column-1\">Laura Lourdes<\/td><td class=\"column-2\">Sandoval Lucas<\/td><td class=\"column-3\">Psico Onc\u00f3loga<\/td>\n<\/tr>\n<tr class=\"row-44\">\n\t<td class=\"column-1\">Erika<\/td><td class=\"column-2\">Serrano Bueno<\/td><td class=\"column-3\">M\u00e9dico Onc\u00f3loga<\/td>\n<\/tr>\n<tr class=\"row-45\">\n\t<td class=\"column-1\">Daniela<\/td><td class=\"column-2\">Su\u00e1rez Cisneros<\/td><td class=\"column-3\">Psic\u00f3loga<\/td>\n<\/tr>\n<tr class=\"row-46\">\n\t<td class=\"column-1\">Fausto Gady<\/td><td class=\"column-2\">Torres Toala<\/td><td class=\"column-3\">M\u00e9dico Familiar<\/td>\n<\/tr>\n<tr class=\"row-47\">\n\t<td class=\"column-1\">Lilia Del Roc\u00edo\u00a0<\/td><td class=\"column-2\">Urrutia Loor<\/td><td class=\"column-3\">Enfermera<\/td>\n<\/tr>\n<tr class=\"row-48\">\n\t<td class=\"column-1\">Jenny del Carmen<\/td><td class=\"column-2\">Vela Chulde<\/td><td class=\"column-3\">M\u00e9dico Onc\u00f3loga<\/td>\n<\/tr>\n<tr class=\"row-49\">\n\t<td class=\"column-1\">Sof\u00eda Alejandra<\/td><td class=\"column-2\">Venegas Pe\u00f1a<\/td><td class=\"column-3\">Bioqu\u00edmica<\/td>\n<\/tr>\n<tr class=\"row-50\">\n\t<td class=\"column-1\">M\u00f3nica del Rosario<\/td><td class=\"column-2\">Villalobos Espinoza<\/td><td class=\"column-3\">Enfermera<\/td>\n<\/tr>\n<tr class=\"row-51\">\n\t<td class=\"column-1\">Darwin Patricio<\/td><td class=\"column-2\">Yauc\u00e9n Yumi <\/td><td class=\"column-3\">M\u00e9dico<\/td>\n<\/tr>\n<\/tbody>\n<\/table>\n\n<\/div><!-- #tablepress-3 from cache --><\/div><\/div>\n\n\n\n<hr class=\"wp-block-separator is-style-wide\"\/>\n<style class=\"advgb-styles-renderer\">#advgb-tabs-a69fa3e8-8a1c-4c0b-b96e-96fa992bee47 li.advgb-tab.ui-tabs-active {\n                                background-color: #1e73be !important;\n                            }\n                            #advgb-tabs-a69fa3e8-8a1c-4c0b-b96e-96fa992bee47 li.advgb-tab.ui-tabs-active a {\n                                color: #ffffff !important;\n                            }<\/style>","protected":false},"excerpt":{"rendered":"<p>Los miembros de ASECUP son personas quienes han mostrado su inter\u00e9s de colaborar en todas las labores que desarrollamos, han demostrado experiencia profesional y compromiso personal con los cuidados paliativos, y se han adherido sin restricci\u00f3n a los objetivos de la Asociaci\u00f3n.&nbsp; Directiva Nacional 2021-2024 Miembros Honorarios<\/p>","protected":false},"author":2,"featured_media":0,"parent":0,"menu_order":0,"comment_status":"closed","ping_status":"closed","template":"","meta":{"nf_dc_page":"","advgb_blocks_editor_width":"","advgb_blocks_columns_visual_guide":"","_monsterinsights_skip_tracking":false,"_monsterinsights_sitenote_active":false,"_monsterinsights_sitenote_note":"","_monsterinsights_sitenote_category":0,"_themeisle_gutenberg_block_has_review":false,"footnotes":""},"class_list":["post-301","page","type-page","status-publish","hentry"],"coauthors":[],"author_meta":{"author_link":"https:\/\/asecup.org\/en\/author\/asecupweb\/","display_name":"Asociaci\u00f3n Ecuatoriana de Cuidados Paliativos"},"relative_dates":{"created":"Posted 7 years ago","modified":"Updated 5 years ago"},"absolute_dates":{"created":"Posted on July 2, 2019","modified":"Updated on September 9, 2021"},"absolute_dates_time":{"created":"Posted on July 2, 2019 12:18 am","modified":"Updated on September 9, 2021 8:48 pm"},"featured_img_caption":"","featured_img":false,"series_order":"","jetpack_sharing_enabled":true,"jetpack_shortlink":"https:\/\/wp.me\/Pb5Isw-4R","_links":{"self":[{"href":"https:\/\/asecup.org\/en\/wp-json\/wp\/v2\/pages\/301","targetHints":{"allow":["GET"]}}],"collection":[{"href":"https:\/\/asecup.org\/en\/wp-json\/wp\/v2\/pages"}],"about":[{"href":"https:\/\/asecup.org\/en\/wp-json\/wp\/v2\/types\/page"}],"author":[{"embeddable":true,"href":"https:\/\/asecup.org\/en\/wp-json\/wp\/v2\/users\/2"}],"replies":[{"embeddable":true,"href":"https:\/\/asecup.org\/en\/wp-json\/wp\/v2\/comments?post=301"}],"version-history":[{"count":47,"href":"https:\/\/asecup.org\/en\/wp-json\/wp\/v2\/pages\/301\/revisions"}],"predecessor-version":[{"id":1040,"href":"https:\/\/asecup.org\/en\/wp-json\/wp\/v2\/pages\/301\/revisions\/1040"}],"wp:attachment":[{"href":"https:\/\/asecup.org\/en\/wp-json\/wp\/v2\/media?parent=301"}],"curies":[{"name":"wp","href":"https:\/\/api.w.org\/{rel}","templated":true}]}}