{"id":426,"date":"2019-09-09T12:55:55","date_gmt":"2019-09-09T17:55:55","guid":{"rendered":"http:\/\/asecup.org\/?page_id=426"},"modified":"2019-12-09T10:03:39","modified_gmt":"2019-12-09T15:03:39","slug":"directorio","status":"publish","type":"page","link":"https:\/\/asecup.org\/en\/directorio\/","title":{"rendered":"Directorio"},"content":{"rendered":"<p class=\"has-text-align-justify\">Aqu\u00ed encontrar\u00e1 una herramienta de b\u00fasqueda de los contactos de diversos centros que brindan servicios de cuidados paliativos en el Ecuador.&nbsp;<\/p>\n\n\n\n<p>Las visitas domiciliarias especificadas dentro de los \u201cCentros de Salud\u201d no son especializadas en cuidados paliativos; sin embargo, pueden ser un apoyo en manejo del dolor con un equipo multidisciplinario. <\/p>\n\n\n\n<p>\u00a0Pr\u00f3ximamente podr\u00e1 descargar el Directorio completo haciendo <span style=\"text-decoration: underline;\"><strong><a href=\"http:\/\/asecup.org\/wp-content\/uploads\/2019\/12\/Directorio_Cuidados_Paliativos_Ecuador_2019_final_web.pdf\">click aqu\u00ed.<\/a><\/strong><\/span><\/p>\n\n\n\n<hr class=\"wp-block-separator is-style-wide\"\/>\n\n\n\n<div id=\"advgb-tabs-a22b5e80-9882-4bc4-a325-0cd00da4f757\" class=\"wp-block-advgb-tabs advgb-tabs-block ticss-5f070e7a\" style=\"border:none\"><ul class=\"advgb-tabs-panel\"><li class=\"advgb-tab\" style=\"background-color:#ffffff;border-style:solid;border-width:1px;border-radius:2px;margin:-1px 0 -1px -1px\"><a href=\"#advgb-tab-a22b5e80-9882-4bc4-a325-0cd00da4f757-0\" style=\"color:#1e73be\"><span>Sierra<\/span><\/a><\/li><li class=\"advgb-tab\" style=\"background-color:#ffffff;border-style:solid;border-width:1px;border-radius:2px;margin:-1px 0 -1px -1px\"><a href=\"#advgb-tab-a22b5e80-9882-4bc4-a325-0cd00da4f757-1\" style=\"color:#1e73be\"><span>Gal\u00e1pagos y Costa<\/span><\/a><\/li><li class=\"advgb-tab\" style=\"background-color:#ffffff;border-style:solid;border-width:1px;border-radius:2px;margin:-1px 0 -1px -1px\"><a href=\"#advgb-tab-a22b5e80-9882-4bc4-a325-0cd00da4f757-2\" style=\"color:#1e73be\"><span>Oriente<\/span><\/a><\/li><li class=\"advgb-tab\" style=\"background-color:#ffffff;border-style:solid;border-width:1px;border-radius:2px;margin:-1px 0 -1px -1px\"><a href=\"#advgb-tab-a22b5e80-9882-4bc4-a325-0cd00da4f757-3\" style=\"color:#1e73be\"><span>Centros de Salud<\/span><\/a><\/li><\/ul><div id=\"advgb-tab-a22b5e80-9882-4bc4-a325-0cd00da4f757-0\" class=\"advgb-tab-body\" style=\"border-style:solid;border-width:1px;border-radius:2px\"><div id=\"tablepress-6-scroll-wrapper\" class=\"tablepress-scroll-wrapper\">\n\n<table id=\"tablepress-6\" class=\"tablepress tablepress-id-6 tablepress-responsive\">\n<thead>\n<tr class=\"row-1\">\n\t<th class=\"column-1\">Provincia<\/th><th class=\"column-2\">Ciudad<\/th><th class=\"column-3\">Instituci\u00f3n<\/th><th class=\"column-4\">Direcci\u00f3n<\/th><th class=\"column-5\">Tipo de instituci\u00f3n<\/th><th class=\"column-6\">Tel\u00e9fono<\/th>\n<\/tr>\n<\/thead>\n<tbody class=\"row-striping row-hover\">\n<tr class=\"row-2\">\n\t<td class=\"column-1\">Azuay<\/td><td class=\"column-2\">Cuenca<\/td><td class=\"column-3\">FASEC<\/td><td class=\"column-4\">Av. 10 de agosto y Agust\u00edn Land\u00edvar<\/td><td class=\"column-5\">Privada sin fines de lucro<\/td><td class=\"column-6\">(07)4096391<\/td>\n<\/tr>\n<tr class=\"row-3\">\n\t<td class=\"column-1\">Chimborazo<\/td><td class=\"column-2\">Riobamba<\/td><td class=\"column-3\">Hospital Geri\u00e1trico Doctor Bol\u00edvar<\/td><td class=\"column-4\">Eugenio Espejo 11-58 y 24 de mayo<\/td><td class=\"column-5\">MSP<\/td><td class=\"column-6\">(03)2969637<\/td>\n<\/tr>\n<tr class=\"row-4\">\n\t<td class=\"column-1\">Loja<\/td><td class=\"column-2\">Vilcabamba<\/td><td class=\"column-3\">Hospital B\u00e1sico de Vilcabamba<\/td><td class=\"column-4\">Av. Eterna Juventud y Miguel Carpio<\/td><td class=\"column-5\">MSP<\/td><td class=\"column-6\">(07)2640128<\/td>\n<\/tr>\n<tr class=\"row-5\">\n\t<td class=\"column-1\">Pichincha<\/td><td class=\"column-2\">Quito<\/td><td class=\"column-3\">Hospital Docente de Calder\u00f3n<\/td><td class=\"column-4\">Capit\u00e1n Giovanni Calles y Derby<\/td><td class=\"column-5\">MSP<\/td><td class=\"column-6\">(02)3952700<\/td>\n<\/tr>\n<tr class=\"row-6\">\n\t<td class=\"column-1\">Pichincha<\/td><td class=\"column-2\">Quito<\/td><td class=\"column-3\">Fundaci\u00f3n ABEI Amigos Benefactores de Enfermos Incurables - Hogar Adultos<\/td><td class=\"column-4\">Pasaje M\u00f3naco E6-65 y Jap\u00f3n<\/td><td class=\"column-5\">Privada sin fines de lucro<\/td><td class=\"column-6\">(02)2433510<\/td>\n<\/tr>\n<tr class=\"row-7\">\n\t<td class=\"column-1\">Pichincha<\/td><td class=\"column-2\">Quito<\/td><td class=\"column-3\">Centro de Cuidados Paliativos Mitad del Mundo<\/td><td class=\"column-4\">Quisquicalle N61-262 y 21 de marzo<\/td><td class=\"column-5\">Privada con fines de lucro<\/td><td class=\"column-6\">(02)3433648<\/td>\n<\/tr>\n<tr class=\"row-8\">\n\t<td class=\"column-1\">Pichincha<\/td><td class=\"column-2\">Quito<\/td><td class=\"column-3\">SOLCA Quito<\/td><td class=\"column-4\">Eloy Alfaro y los pinos<\/td><td class=\"column-5\">Privada sin fines de lucro<\/td><td class=\"column-6\">(02)2419776<\/td>\n<\/tr>\n<tr class=\"row-9\">\n\t<td class=\"column-1\">Pichincha<\/td><td class=\"column-2\">Quito<\/td><td class=\"column-3\">Hospital Gineco Obstetrico de Nueva Aurora Luz Elena Arismendi<\/td><td class=\"column-4\">Av. Quitumbe \u00d1an S\/N y Av. Quilla \u00d1an<\/td><td class=\"column-5\">MSP<\/td><td class=\"column-6\">(02)3948940<\/td>\n<\/tr>\n<tr class=\"row-10\">\n\t<td class=\"column-1\">Pichincha<\/td><td class=\"column-2\">Quito<\/td><td class=\"column-3\">Hospital de Atenci\u00f3n Integral del Adulto Mayor<\/td><td class=\"column-4\">\u00c1ngel Lude\u00f1a OE7-113 y Pedro de Alvarado<\/td><td class=\"column-5\">MSP<\/td><td class=\"column-6\">(02)2533875<\/td>\n<\/tr>\n<tr class=\"row-11\">\n\t<td class=\"column-1\">Pichincha<\/td><td class=\"column-2\">Quito<\/td><td class=\"column-3\">Hospice San Camilo<\/td><td class=\"column-4\">Manuel Zambrano E1-218 y Av. Galo Plaza Lasso<\/td><td class=\"column-5\">Privada sin fines de lucro<\/td><td class=\"column-6\">(02)3285438 \/ (02)3284816<\/td>\n<\/tr>\n<tr class=\"row-12\">\n\t<td class=\"column-1\">Pichincha<\/td><td class=\"column-2\">Quito<\/td><td class=\"column-3\">Cl\u00ednica Nuestra Se\u00f1ora de Guadalupe<\/td><td class=\"column-4\">Avenida 10 de agosto N27-101 y Selva Alegre<\/td><td class=\"column-5\">Privada sin fines de lucro<\/td><td class=\"column-6\">(02)2521137<\/td>\n<\/tr>\n<tr class=\"row-13\">\n\t<td class=\"column-1\">Pichincha<\/td><td class=\"column-2\">Quito<\/td><td class=\"column-3\">Instituto Psiqui\u00e1trico Sagrado Coraz\u00f3n<\/td><td class=\"column-4\">Av. Manuel C\u00f3rdova Galarza (a 1 km del Condado)<\/td><td class=\"column-5\">Privada sin fines de lucro<\/td><td class=\"column-6\">(02)2490860<\/td>\n<\/tr>\n<\/tbody>\n<\/table>\n\n<\/div><!-- #tablepress-6 from cache --><\/div><div id=\"advgb-tab-a22b5e80-9882-4bc4-a325-0cd00da4f757-1\" class=\"advgb-tab-body\" style=\"border-style:solid;border-width:1px;border-radius:2px\"><div id=\"tablepress-7-scroll-wrapper\" class=\"tablepress-scroll-wrapper\">\n\n<table id=\"tablepress-7\" class=\"tablepress tablepress-id-7 tablepress-responsive\">\n<thead>\n<tr class=\"row-1\">\n\t<th class=\"column-1\">Provincia<\/th><th class=\"column-2\">Ciudad<\/th><th class=\"column-3\">Instituci\u00f3n<\/th><th class=\"column-4\">Direcci\u00f3n<\/th><th class=\"column-5\">Tipo de instituci\u00f3n<\/th><th class=\"column-6\">Tel\u00e9fono<\/th>\n<\/tr>\n<\/thead>\n<tbody class=\"row-striping row-hover\">\n<tr class=\"row-2\">\n\t<td class=\"column-1\">Gal\u00e1pagos<\/td><td class=\"column-2\">Puerto Baquerizo Moreno<\/td><td class=\"column-3\">Hospital Oskar Jandl<\/td><td class=\"column-4\">Av. Jaime Rold\u00f3s y Juan Pablo II<\/td><td class=\"column-5\">MSP<\/td><td class=\"column-6\">(05)2520935<\/td>\n<\/tr>\n<tr class=\"row-3\">\n\t<td class=\"column-1\">Guayas<\/td><td class=\"column-2\">Guayaquil<\/td><td class=\"column-3\">Hospital del ni\u00f1o Dr. Francisco Icaza Bustamante<\/td><td class=\"column-4\">Quito y G\u00f3mez Rend\u00f3n<\/td><td class=\"column-5\">MSP<\/td><td class=\"column-6\">(04)2597500<\/td>\n<\/tr>\n<tr class=\"row-4\">\n\t<td class=\"column-1\">Guayas<\/td><td class=\"column-2\">Guayaquil<\/td><td class=\"column-3\">Hospital General Guasmo Sur<\/td><td class=\"column-4\">Av. Cacique Tomal\u00e1 y callej\u00f3n Eloy Alfaro<\/td><td class=\"column-5\">MSP<\/td><td class=\"column-6\">(04)3814400<\/td>\n<\/tr>\n<tr class=\"row-5\">\n\t<td class=\"column-1\">Los R\u00edos<\/td><td class=\"column-2\">Vinces<\/td><td class=\"column-3\">Hospital Nicol\u00e1s Cotto Infante<\/td><td class=\"column-4\">Sucre y Jos\u00e9 G\u00f3mez<\/td><td class=\"column-5\">MSP<\/td><td class=\"column-6\">(05)2790028<br \/>\n<\/td>\n<\/tr>\n<tr class=\"row-6\">\n\t<td class=\"column-1\">Los R\u00edos<\/td><td class=\"column-2\">Ricaurte<\/td><td class=\"column-3\">Hospital B\u00e1sico Dr. Juan Montalv\u00e1n Cornejo<\/td><td class=\"column-4\">Av. Pinargote y Las Tecas<\/td><td class=\"column-5\">MSP<\/td><td class=\"column-6\">(05)2942495<\/td>\n<\/tr>\n<tr class=\"row-7\">\n\t<td class=\"column-1\">Manab\u00ed<\/td><td class=\"column-2\">Portoviejo<\/td><td class=\"column-3\">SOLCA Manab\u00ed<\/td><td class=\"column-4\">Autopista Manab\u00ed Guillem (paso lateral), Km. 1 1\/2<\/td><td class=\"column-5\">Privada sin fines de lucro<\/td><td class=\"column-6\">(05)2580012<\/td>\n<\/tr>\n<tr class=\"row-8\">\n\t<td class=\"column-1\">Manab\u00ed<\/td><td class=\"column-2\">Tarqui<\/td><td class=\"column-3\">Fundaci\u00f3n Cottolengo<\/td><td class=\"column-4\">Calle 295 entre av. 235 y 236, Barrio Los Geranios<\/td><td class=\"column-5\">Privada sin fines de lucro<\/td><td class=\"column-6\">098-429-4190<\/td>\n<\/tr>\n<\/tbody>\n<\/table>\n\n<\/div><!-- #tablepress-7 from cache --><\/div><div id=\"advgb-tab-a22b5e80-9882-4bc4-a325-0cd00da4f757-2\" class=\"advgb-tab-body\" style=\"border-style:solid;border-width:1px;border-radius:2px\"><div id=\"tablepress-8-scroll-wrapper\" class=\"tablepress-scroll-wrapper\">\n\n<table id=\"tablepress-8\" class=\"tablepress tablepress-id-8 tablepress-responsive\">\n<thead>\n<tr class=\"row-1\">\n\t<th class=\"column-1\">Provincia<\/th><th class=\"column-2\">Ciudad<\/th><th class=\"column-3\">Instituci\u00f3n<\/th><th class=\"column-4\">Direcci\u00f3n<\/th><th class=\"column-5\">Tipo de instituci\u00f3n<\/th><th class=\"column-6\">Tel\u00e9fono<\/th>\n<\/tr>\n<\/thead>\n<tbody class=\"row-striping row-hover\">\n<tr class=\"row-2\">\n\t<td class=\"column-1\">Napo<\/td><td class=\"column-2\">Tena<\/td><td class=\"column-3\">Hospital Jos\u00e9 Mar\u00eda Velasco Ibarra<\/td><td class=\"column-4\">Av. 15 de noviembre 1598 y Eloy Alfaro<\/td><td class=\"column-5\">MSP<\/td><td class=\"column-6\">(06)3731980<\/td>\n<\/tr>\n<tr class=\"row-3\">\n\t<td class=\"column-1\">Pastaza<\/td><td class=\"column-2\">Puyo<\/td><td class=\"column-3\">Hospital B\u00e1sico  IESS Puyo<\/td><td class=\"column-4\">Calle Curaray y Ceslao Mar\u00edn<\/td><td class=\"column-5\">IESS<\/td><td class=\"column-6\">(03)2994200<\/td>\n<\/tr>\n<tr class=\"row-4\">\n\t<td class=\"column-1\">Sucumbios<\/td><td class=\"column-2\">Shushufindi<\/td><td class=\"column-3\">Hospital B\u00e1sico Shushufindi<\/td><td class=\"column-4\">Chile y 10 de agosto, barrio El Cisne<\/td><td class=\"column-5\">MSP<\/td><td class=\"column-6\">(06)2120362<\/td>\n<\/tr>\n<\/tbody>\n<\/table>\n\n<\/div><!-- #tablepress-8 from cache --><\/div><div id=\"advgb-tab-a22b5e80-9882-4bc4-a325-0cd00da4f757-3\" class=\"advgb-tab-body\" style=\"border-style:solid;border-width:1px;border-radius:2px\"><div id=\"tablepress-9-scroll-wrapper\" class=\"tablepress-scroll-wrapper\">\n\n<table id=\"tablepress-9\" class=\"tablepress tablepress-id-9 tablepress-responsive\">\n<thead>\n<tr class=\"row-1\">\n\t<th class=\"column-1\">Provincia<\/th><th class=\"column-2\">Ciudad<\/th><th class=\"column-3\">Instituci\u00f3n<\/th><th class=\"column-4\">Direcci\u00f3n<\/th><th class=\"column-5\">Tel\u00e9fono<\/th>\n<\/tr>\n<\/thead>\n<tbody class=\"row-striping row-hover\">\n<tr class=\"row-2\">\n\t<td class=\"column-1\">Azuay<\/td><td class=\"column-2\">Cuenca<\/td><td class=\"column-3\">Centro de Salud Totoracocha<\/td><td class=\"column-4\">Yanaurco y 13 de abril<\/td><td class=\"column-5\">(07)2862115<\/td>\n<\/tr>\n<tr class=\"row-3\">\n\t<td class=\"column-1\">Azuay<\/td><td class=\"column-2\">Cuenca<\/td><td class=\"column-3\">Centro de Salud Chiquintad<\/td><td class=\"column-4\">V\u00eda a Chiquintad S\/N<\/td><td class=\"column-5\">(07)4179010<\/td>\n<\/tr>\n<tr class=\"row-4\">\n\t<td class=\"column-1\">Azuay<\/td><td class=\"column-2\">Cuenca<\/td><td class=\"column-3\">Centro de Salud El Para\u00edso<\/td><td class=\"column-4\">Juan Benigno Vela y Benjam\u00edn Carri\u00f3n, Ciudadela El Para\u00edso<\/td><td class=\"column-5\">(07)4101814<\/td>\n<\/tr>\n<tr class=\"row-5\">\n\t<td class=\"column-1\">Azuay<\/td><td class=\"column-2\">Cuenca<\/td><td class=\"column-3\">Centro de Salud de Ricaurte<\/td><td class=\"column-4\">Calle del Centro de Salud<\/td><td class=\"column-5\">(07)24209089<\/td>\n<\/tr>\n<tr class=\"row-6\">\n\t<td class=\"column-1\">Azuay<\/td><td class=\"column-2\">Gir\u00f3n<\/td><td class=\"column-3\">Hospital Aida Le\u00f3n de Rodriguez Lara<\/td><td class=\"column-4\">Antonio Flor y Leopoldo Pe\u00f1aherrera<\/td><td class=\"column-5\">(07)2275115<\/td>\n<\/tr>\n<tr class=\"row-7\">\n\t<td class=\"column-1\">Azuay<\/td><td class=\"column-2\">Santa Isabel<\/td><td class=\"column-3\">Hospital Jos\u00e9 Felix Valdivieso<\/td><td class=\"column-4\">Av. Rafael Galarza y C\u00e9sar Castillo<\/td><td class=\"column-5\">(07)2270645<\/td>\n<\/tr>\n<tr class=\"row-8\">\n\t<td class=\"column-1\">Bol\u00edvar<\/td><td class=\"column-2\">Guaranda<\/td><td class=\"column-3\">Centro de Salud Guanujo<\/td><td class=\"column-4\">Coronel V\u00e1zcones y Pichincha<\/td><td class=\"column-5\">(03)2206395<\/td>\n<\/tr>\n<tr class=\"row-9\">\n\t<td class=\"column-1\">Ca\u00f1ar<\/td><td class=\"column-2\">Bibli\u00e1n<\/td><td class=\"column-3\">Centro de Salud Bibli\u00e1n Tipo B<\/td><td class=\"column-4\">Av. Jos\u00e9 Benigno Iglesia y autopista Panamericana. Sector del Purpug<\/td><td class=\"column-5\">(07)2232434<\/td>\n<\/tr>\n<tr class=\"row-10\">\n\t<td class=\"column-1\">Ca\u00f1ar<\/td><td class=\"column-2\">Azogues<\/td><td class=\"column-3\">Centro de Salud Azogues<\/td><td class=\"column-4\">Calle Bol\u00edvar y Solano<\/td><td class=\"column-5\">(07)2240041<\/td>\n<\/tr>\n<tr class=\"row-11\">\n\t<td class=\"column-1\">Ca\u00f1ar<\/td><td class=\"column-2\">D\u00e9leg<\/td><td class=\"column-3\">Centro de Salud D\u00e9leg<\/td><td class=\"column-4\">Lepoldo Cordero y 27 de febrero<\/td><td class=\"column-5\">(07)2210292<\/td>\n<\/tr>\n<tr class=\"row-12\">\n\t<td class=\"column-1\">Ca\u00f1ar<\/td><td class=\"column-2\">La Troncal<\/td><td class=\"column-3\">Centro de Salud La Troncal<\/td><td class=\"column-4\">Km 72 y Cochacay<\/td><td class=\"column-5\">(07)2599930<\/td>\n<\/tr>\n<tr class=\"row-13\">\n\t<td class=\"column-1\">Carchi<\/td><td class=\"column-2\">El \u00c1ngel<\/td><td class=\"column-3\">Centro de Salud San Isidro<\/td><td class=\"column-4\">10 de agosto (a media cuadra del parque central)<\/td><td class=\"column-5\">(06)2974301<\/td>\n<\/tr>\n<tr class=\"row-14\">\n\t<td class=\"column-1\">Chimborazo<\/td><td class=\"column-2\">Riobamba<\/td><td class=\"column-3\">Centro de Salud Calpi<\/td><td class=\"column-4\">Panamericana Sur y v\u00eda a Guaranda (junto al UPC)<\/td><td class=\"column-5\">(03)2620386<\/td>\n<\/tr>\n<tr class=\"row-15\">\n\t<td class=\"column-1\">Cotopaxi<\/td><td class=\"column-2\">El Coraz\u00f3n<\/td><td class=\"column-3\">Centro de Salud Pangua<\/td><td class=\"column-4\">Av. General Enr\u00edquez Gallo<\/td><td class=\"column-5\">(03)2684387<\/td>\n<\/tr>\n<tr class=\"row-16\">\n\t<td class=\"column-1\">El Oro<\/td><td class=\"column-2\">Machala<\/td><td class=\"column-3\">Centro de Salud San Mart\u00edn<\/td><td class=\"column-4\">Av. Col\u00f3n y novena sur<\/td><td class=\"column-5\">(07)2934648<\/td>\n<\/tr>\n<tr class=\"row-17\">\n\t<td class=\"column-1\">El Oro<\/td><td class=\"column-2\">Machala<\/td><td class=\"column-3\">Centro de Salud Hualtaco<\/td><td class=\"column-4\">Av. Principal, ciudadela Portohualtaco<\/td><td class=\"column-5\">(07)2149407<\/td>\n<\/tr>\n<tr class=\"row-18\">\n\t<td class=\"column-1\">Esmeraldas<\/td><td class=\"column-2\">Rocafuerte<\/td><td class=\"column-3\">Centro de Salud Hugo Sol\u00f3rzano (Centro de Salud Rocafuerte)<\/td><td class=\"column-4\">Av. Rioverde<\/td><td class=\"column-5\">(06)2740108<\/td>\n<\/tr>\n<tr class=\"row-19\">\n\t<td class=\"column-1\">Guayas<\/td><td class=\"column-2\">Guayaquil<\/td><td class=\"column-3\">Centro de Salud La Laguna<\/td><td class=\"column-4\">2do callej\u00f3n 26 y calle 29<\/td><td class=\"column-5\">(04)2055629<\/td>\n<\/tr>\n<tr class=\"row-20\">\n\t<td class=\"column-1\">Imbabura<\/td><td class=\"column-2\">Atuntaqui<\/td><td class=\"column-3\">Centro de Salud Atuntaqui<\/td><td class=\"column-4\">Olmedo 16-29 y Juan de Velasco<\/td><td class=\"column-5\">(06)2906006<\/td>\n<\/tr>\n<tr class=\"row-21\">\n\t<td class=\"column-1\">Loja<\/td><td class=\"column-2\">Catamayo<\/td><td class=\"column-3\">Centro de Salud Catamayo<\/td><td class=\"column-4\">Trapichillo<\/td><td class=\"column-5\">(07)2677880 ext 112<\/td>\n<\/tr>\n<tr class=\"row-22\">\n\t<td class=\"column-1\">Los R\u00edos<\/td><td class=\"column-2\">Palenque<\/td><td class=\"column-3\">Centro de Salud Palenque<\/td><td class=\"column-4\">Eloy Alfaro, v\u00eda Puerto Palenque<\/td><td class=\"column-5\">(05)2917706<\/td>\n<\/tr>\n<tr class=\"row-23\">\n\t<td class=\"column-1\">Manab\u00ed<\/td><td class=\"column-2\">San Vicente<\/td><td class=\"column-3\">Centro de Salud San Isidro<\/td><td class=\"column-4\">Libertad y Luz de Am\u00e9rica<\/td><td class=\"column-5\">(05)2400485<\/td>\n<\/tr>\n<tr class=\"row-24\">\n\t<td class=\"column-1\">Manab\u00ed<\/td><td class=\"column-2\">Rocafuerte<\/td><td class=\"column-3\">Centro de Salud Bachilero Tosgua<\/td><td class=\"column-4\">Av. Jaume Rold\u00f3s<\/td><td class=\"column-5\">(05)2644253<\/td>\n<\/tr>\n<tr class=\"row-25\">\n\t<td class=\"column-1\">Morona Santiago<\/td><td class=\"column-2\">Lim\u00f3n Indanza<\/td><td class=\"column-3\">Centro de Salud Lim\u00f3n Indanza<\/td><td class=\"column-4\">Av. 12 de diciembre y 5 de junio<\/td><td class=\"column-5\">(07)2770093<\/td>\n<\/tr>\n<tr class=\"row-26\">\n\t<td class=\"column-1\">Pichincha<\/td><td class=\"column-2\">Quito<\/td><td class=\"column-3\">Centro de Salud de Calder\u00f3n<\/td><td class=\"column-4\">9 de agosto OE3-34 entre Pun\u00edn y Car\u00e1n<\/td><td class=\"column-5\">(02)3731620<\/td>\n<\/tr>\n<tr class=\"row-27\">\n\t<td class=\"column-1\">Santa Elena<\/td><td class=\"column-2\">Salinas<\/td><td class=\"column-3\">Centro de Salud San Judas Tadeo<\/td><td class=\"column-4\">Av. Quito, Coop. Pedro Jos\u00e9<\/td><td class=\"column-5\">(04)2777236<\/td>\n<\/tr>\n<tr class=\"row-28\">\n\t<td class=\"column-1\">Santo Domingo de los Ts\u00e1chilas<\/td><td class=\"column-2\">Santo Domingo de los Ts\u00e1chilas<\/td><td class=\"column-3\">Centro de Salud de la Rumi\u00f1ahui<\/td><td class=\"column-4\">Bello horizonte y Maracaibo<\/td><td class=\"column-5\">(02)3702563<\/td>\n<\/tr>\n<tr class=\"row-29\">\n\t<td class=\"column-1\">Sucumbios<\/td><td class=\"column-2\">Cascales<\/td><td class=\"column-3\">Subcentro de Salud Cascales<\/td><td class=\"column-4\">Leopoldo Lucero y Bol\u00edvar<\/td><td class=\"column-5\">(06)2800187<\/td>\n<\/tr>\n<tr class=\"row-30\">\n\t<td class=\"column-1\">Tungurahua<\/td><td class=\"column-2\">Pelileo<\/td><td class=\"column-3\">Unidad anidada del Hospital B\u00e1sico Pelileo<\/td><td class=\"column-4\">Juan de Velasco y Antonio Ricaute<\/td><td class=\"column-5\">(03)2830761<\/td>\n<\/tr>\n<tr class=\"row-31\">\n\t<td class=\"column-1\">Tungurahua<\/td><td class=\"column-2\">Patate<\/td><td class=\"column-3\">Centro de Salud Patate<\/td><td class=\"column-4\">Calle bellavista, v\u00eda a Leito<\/td><td class=\"column-5\">(03)2870647<\/td>\n<\/tr>\n<tr class=\"row-32\">\n\t<td class=\"column-1\">Zamora Chinchipe<\/td><td class=\"column-2\">Zumbi<\/td><td class=\"column-3\">Centro de Salud Zumbi<\/td><td class=\"column-4\">Marco Ovidio Soto y Alfredo Espinosa P\u00f3lit<\/td><td class=\"column-5\">(07)3037165<\/td>\n<\/tr>\n<\/tbody>\n<\/table>\n\n<\/div><!-- #tablepress-9 from cache --><\/div><\/div>\n\n\n\n<p><\/p>\n\n\n\n<p>Este Directorio fue creado dentro de un proyecto de investigaci\u00f3n aprobado y financiado por la Direcci\u00f3n General de Investigaci\u00f3n de la <a href=\"http:\/\/www.udla.edu.ec\/\" target=\"_blank\" rel=\"noopener\">Universidad de Las Am\u00e9ricas (UDLA<\/a>).  Su prop\u00f3sito es brindar la informaci\u00f3n de contacto de los centros que ofrecen cuidados paliativos para incrementar el acceso a estos servicios en el Ecuador. No se garantiza la calidad de los servicios ofrecidos ni somos responsables por los cambios que puedan surgir en los datos posteriores a la fecha de publicaci\u00f3n.   <\/p>\n<style class=\"advgb-styles-renderer\">#advgb-tabs-a22b5e80-9882-4bc4-a325-0cd00da4f757 li.advgb-tab.ui-tabs-active {\n                                background-color: #1e73be !important;\n                            }\n                            #advgb-tabs-a22b5e80-9882-4bc4-a325-0cd00da4f757 li.advgb-tab.ui-tabs-active a {\n                                color: #ffffff !important;\n                            }<\/style>","protected":false},"excerpt":{"rendered":"<p>Aqu\u00ed encontrar\u00e1 una herramienta de b\u00fasqueda de los contactos de diversos centros que brindan servicios de cuidados paliativos en el Ecuador.&nbsp; Las visitas domiciliarias especificadas dentro de los \u201cCentros de Salud\u201d no son especializadas en cuidados paliativos; sin embargo, pueden ser un apoyo en manejo del dolor con un equipo [&hellip;]<\/p>\n","protected":false},"author":2,"featured_media":0,"parent":0,"menu_order":0,"comment_status":"closed","ping_status":"closed","template":"page-templates\/template-fullwidth.php","meta":{"nf_dc_page":"","advgb_blocks_editor_width":"","advgb_blocks_columns_visual_guide":"","_monsterinsights_skip_tracking":false,"_monsterinsights_sitenote_active":false,"_monsterinsights_sitenote_note":"","_monsterinsights_sitenote_category":0,"_themeisle_gutenberg_block_has_review":false,"footnotes":""},"class_list":["post-426","page","type-page","status-publish","hentry"],"coauthors":[],"author_meta":{"author_link":"https:\/\/asecup.org\/en\/author\/asecupweb\/","display_name":"Asociaci\u00f3n Ecuatoriana de Cuidados Paliativos"},"relative_dates":{"created":"Posted 7 years ago","modified":"Updated 6 years ago"},"absolute_dates":{"created":"Posted on September 9, 2019","modified":"Updated on December 9, 2019"},"absolute_dates_time":{"created":"Posted on September 9, 2019 12:55 pm","modified":"Updated on December 9, 2019 10:03 am"},"featured_img_caption":"","featured_img":false,"series_order":"","jetpack_sharing_enabled":true,"jetpack_shortlink":"https:\/\/wp.me\/Pb5Isw-6S","_links":{"self":[{"href":"https:\/\/asecup.org\/en\/wp-json\/wp\/v2\/pages\/426","targetHints":{"allow":["GET"]}}],"collection":[{"href":"https:\/\/asecup.org\/en\/wp-json\/wp\/v2\/pages"}],"about":[{"href":"https:\/\/asecup.org\/en\/wp-json\/wp\/v2\/types\/page"}],"author":[{"embeddable":true,"href":"https:\/\/asecup.org\/en\/wp-json\/wp\/v2\/users\/2"}],"replies":[{"embeddable":true,"href":"https:\/\/asecup.org\/en\/wp-json\/wp\/v2\/comments?post=426"}],"version-history":[{"count":14,"href":"https:\/\/asecup.org\/en\/wp-json\/wp\/v2\/pages\/426\/revisions"}],"predecessor-version":[{"id":888,"href":"https:\/\/asecup.org\/en\/wp-json\/wp\/v2\/pages\/426\/revisions\/888"}],"wp:attachment":[{"href":"https:\/\/asecup.org\/en\/wp-json\/wp\/v2\/media?parent=426"}],"curies":[{"name":"wp","href":"https:\/\/api.w.org\/{rel}","templated":true}]}}